{"id":3730,"date":"2021-03-06T14:51:58","date_gmt":"2021-03-06T13:51:58","guid":{"rendered":"https:\/\/pik-oplenac.com\/correctness-of-the-shipment\/"},"modified":"2021-03-06T14:51:58","modified_gmt":"2021-03-06T13:51:58","slug":"correctness-of-the-shipment","status":"publish","type":"page","link":"https:\/\/www.pik-oplenac.com\/en\/correctness-of-the-shipment\/","title":{"rendered":"Correctness of the shipment"},"content":{"rendered":"\n<p class=\"p1\">Naru\u010deni proizvodi pakuju se na na\u010din da tokom uobi\u010dajene manipulacije ne budu o\u0161te\u0107eni.<\/p>\n\n<p class=\"p1\">Prilikom preuzimanja robe kupac je du\u017ean proveriti eventualna o\u0161te\u0107enja I da ih odmah reklamira osobi koja je dostavila robu te da eventualno odbije da preuzme naru\u010denu robu ukoliko su na njoj vidljiva spolja\u0161nja o\u0161te\u0107enja.<\/p>\n\n<p class=\"p1\">Kupac je du\u017ean da uporedi sadr\u017eaj po\u0161iljke (vrstu i koli\u010dinu dostavljenih artikala) sa ra\u010dunom, i da ukoliko ne\u0161to nedostaje ili je isporu\u010den pogre\u0161an proizvod, na licu mesta obavesti dostavlja\u010da.<\/p>\n\n<p class=\"p1\">Primalac i dostavlja\u010d na licu mesta zapisni\u010dki utvr\u0111uju i svojim potpisom potvr\u0111uju nedostatke.<\/p>\n\n<p class=\"p1\">PIK Oplenac d.o.o. \u0107e u najkra\u0107em mogu\u0107em roku o svom tro\u0161ku dostaviti artikle za koje se tako utvrdi da nedostaju u po\u0161iljci ili da su dostavljeni u neispravnom stanju.<\/p>\n\n<p class=\"p1\">Provera ispravnosti porud\u017ebe je odgovornost kupca te se naknadne reklamacije u smislu koli\u010dine i vrste dostavljene robe i vidljivih nedostataka ne\u0107e uva\u017eiti.<\/p>\n","protected":false},"excerpt":{"rendered":"<p>Naru\u010deni proizvodi pakuju se na na\u010din da tokom uobi\u010dajene manipulacije ne budu o\u0161te\u0107eni. Prilikom preuzimanja robe kupac je du\u017ean proveriti eventualna o\u0161te\u0107enja I da ih odmah reklamira osobi koja je dostavila robu te da eventualno odbije da preuzme naru\u010denu robu ukoliko su na njoj vidljiva spolja\u0161nja o\u0161te\u0107enja. Kupac je du\u017ean da uporedi sadr\u017eaj po\u0161iljke (vrstu [&hellip;]<\/p>\n","protected":false},"author":1,"featured_media":0,"parent":0,"menu_order":0,"comment_status":"closed","ping_status":"closed","template":"","meta":{"footnotes":""},"class_list":["post-3730","page","type-page","status-publish","hentry"],"blocksy_meta":{"styles_descriptor":{"styles":{"desktop":"","tablet":"","mobile":""},"google_fonts":[],"version":6}},"_links":{"self":[{"href":"https:\/\/www.pik-oplenac.com\/en\/wp-json\/wp\/v2\/pages\/3730","targetHints":{"allow":["GET"]}}],"collection":[{"href":"https:\/\/www.pik-oplenac.com\/en\/wp-json\/wp\/v2\/pages"}],"about":[{"href":"https:\/\/www.pik-oplenac.com\/en\/wp-json\/wp\/v2\/types\/page"}],"author":[{"embeddable":true,"href":"https:\/\/www.pik-oplenac.com\/en\/wp-json\/wp\/v2\/users\/1"}],"replies":[{"embeddable":true,"href":"https:\/\/www.pik-oplenac.com\/en\/wp-json\/wp\/v2\/comments?post=3730"}],"version-history":[{"count":1,"href":"https:\/\/www.pik-oplenac.com\/en\/wp-json\/wp\/v2\/pages\/3730\/revisions"}],"predecessor-version":[{"id":3731,"href":"https:\/\/www.pik-oplenac.com\/en\/wp-json\/wp\/v2\/pages\/3730\/revisions\/3731"}],"wp:attachment":[{"href":"https:\/\/www.pik-oplenac.com\/en\/wp-json\/wp\/v2\/media?parent=3730"}],"curies":[{"name":"wp","href":"https:\/\/api.w.org\/{rel}","templated":true}]}}