{"id":3737,"date":"2021-03-06T14:57:48","date_gmt":"2021-03-06T13:57:48","guid":{"rendered":"https:\/\/pik-oplenac.com\/delivery\/"},"modified":"2021-03-06T14:57:48","modified_gmt":"2021-03-06T13:57:48","slug":"delivery","status":"publish","type":"page","link":"https:\/\/www.pik-oplenac.com\/en\/delivery\/","title":{"rendered":"Delivery"},"content":{"rendered":"\n<p class=\"p1\">Naru\u010denu robu na podru\u010dju cele Srbije dostavlja na\u0161 partner, direktno u Va\u0161 dom, odnosno na adresu koju navedete u porud\u017ebenici. Dostava se vr\u0161i u roku od najvi\u0161e 3 radna dana od datuma porud\u017ebine. Porud\u017ebine koje primimo nakon 14:00 \u010dasova bi\u0107e obra\u0111ene slede\u0107eg radnog dana.<\/p>\n\n<p class=\"p1\">Ako osoba koja je naru\u010dila (koja preuzima) proizvod prilikom dostave nije kod ku\u0107e, dostavlja\u010d \u0107e na navedenoj adresi ostaviti &#8220;obave\u0161tenje o prispe\u0107u po\u0161iljke&#8221; na kojoj \u0107e biti naveden telefonski broj za dogovor oko termina ponovljene dostave u periodu od 8 dana. Nakon tog roka po\u0161iljka se vra\u0107a po\u0161iljaocu.<\/p>\n\n<p class=\"p1\">Cena dostave zavisi od koli\u010dine poru\u010denih proizvoda i prikazana je prilikom odabira artikala.<\/p>\n\n<p class=\"p1\">Ukoliko niste primili robu ili obave\u0161tenje o isporuci u o\u010dekivanom vremenu, molimo Vas da nas o tome neodlo\u017eno obavestite, kako bi preduzeli radnje pronalaska po\u0161iljke ili kako bi se poslala zamenska po\u0161iljka.<\/p>\n","protected":false},"excerpt":{"rendered":"<p>Naru\u010denu robu na podru\u010dju cele Srbije dostavlja na\u0161 partner, direktno u Va\u0161 dom, odnosno na adresu koju navedete u porud\u017ebenici. Dostava se vr\u0161i u roku od najvi\u0161e 3 radna dana od datuma porud\u017ebine. Porud\u017ebine koje primimo nakon 14:00 \u010dasova bi\u0107e obra\u0111ene slede\u0107eg radnog dana. Ako osoba koja je naru\u010dila (koja preuzima) proizvod prilikom dostave nije [&hellip;]<\/p>\n","protected":false},"author":1,"featured_media":0,"parent":0,"menu_order":0,"comment_status":"closed","ping_status":"closed","template":"","meta":{"footnotes":""},"class_list":["post-3737","page","type-page","status-publish","hentry"],"blocksy_meta":{"styles_descriptor":{"styles":{"desktop":"","tablet":"","mobile":""},"google_fonts":[],"version":6}},"_links":{"self":[{"href":"https:\/\/www.pik-oplenac.com\/en\/wp-json\/wp\/v2\/pages\/3737","targetHints":{"allow":["GET"]}}],"collection":[{"href":"https:\/\/www.pik-oplenac.com\/en\/wp-json\/wp\/v2\/pages"}],"about":[{"href":"https:\/\/www.pik-oplenac.com\/en\/wp-json\/wp\/v2\/types\/page"}],"author":[{"embeddable":true,"href":"https:\/\/www.pik-oplenac.com\/en\/wp-json\/wp\/v2\/users\/1"}],"replies":[{"embeddable":true,"href":"https:\/\/www.pik-oplenac.com\/en\/wp-json\/wp\/v2\/comments?post=3737"}],"version-history":[{"count":1,"href":"https:\/\/www.pik-oplenac.com\/en\/wp-json\/wp\/v2\/pages\/3737\/revisions"}],"predecessor-version":[{"id":3738,"href":"https:\/\/www.pik-oplenac.com\/en\/wp-json\/wp\/v2\/pages\/3737\/revisions\/3738"}],"wp:attachment":[{"href":"https:\/\/www.pik-oplenac.com\/en\/wp-json\/wp\/v2\/media?parent=3737"}],"curies":[{"name":"wp","href":"https:\/\/api.w.org\/{rel}","templated":true}]}}